{"id":3436,"date":"2023-11-14T09:41:10","date_gmt":"2023-11-14T09:41:10","guid":{"rendered":"https:\/\/the7.io\/elementor-product\/?page_id=2"},"modified":"2024-06-18T15:56:49","modified_gmt":"2024-06-18T15:56:49","slug":"home","status":"publish","type":"page","link":"https:\/\/short-connection.com\/","title":{"rendered":"Home"},"content":{"rendered":"\t\t<div data-elementor-type=\"wp-page\" data-elementor-id=\"3436\" class=\"elementor elementor-3436\" data-elementor-post-type=\"page\">\n\t\t\t\t<div class=\"elementor-element elementor-element-8c55996 e-con-full e-flex e-con e-parent\" data-id=\"8c55996\" data-element_type=\"container\" data-e-type=\"container\" data-settings=\"{&quot;background_background&quot;:&quot;video&quot;,&quot;background_video_link&quot;:&quot;http:\\\/\\\/short-connection.com\\\/wp-content\\\/uploads\\\/2024\\\/02\\\/Short-Connection-V10-1.mp4&quot;,&quot;background_play_on_mobile&quot;:&quot;yes&quot;}\">\n\t\t<div class=\"elementor-background-video-container\">\n\t\t\t\t\t\t\t<video class=\"elementor-background-video-hosted\" role=\"presentation\" autoplay muted playsinline loop><\/video>\n\t\t\t\t\t<\/div>\t\t<div class=\"elementor-element elementor-element-d8a2600 elementor-widget__width-initial elementor-invisible elementor-widget elementor-widget-the7-heading\" data-id=\"d8a2600\" data-element_type=\"widget\" data-e-type=\"widget\" data-settings=\"{&quot;_animation&quot;:&quot;fadeInLeft&quot;}\" data-widget_type=\"the7-heading.default\">\n\t\t\t\t<div class=\"elementor-widget-container\">\n\t\t\t\t\t<h2 class=\"the7-heading-title elementor-size-default\">connect your brand<br>to success<\/h2>\t\t\t\t<\/div>\n\t\t\t\t<\/div>\n\t\t\t\t<div class=\"elementor-element elementor-element-372e568 elementor-widget elementor-widget-button\" data-id=\"372e568\" data-element_type=\"widget\" data-e-type=\"widget\" data-widget_type=\"button.default\">\n\t\t\t\t<div class=\"elementor-widget-container\">\n\t\t\t\t\t\t\t\t\t<div class=\"elementor-button-wrapper\">\n\t\t\t\t\t<a class=\"elementor-button elementor-button-link elementor-size-sm\" href=\"#quemsomos\">\n\t\t\t\t\t\t<span class=\"elementor-button-content-wrapper\">\n\t\t\t\t\t\t\t\t\t<span class=\"elementor-button-text\">SAIBA MAIS<\/span>\n\t\t\t\t\t<\/span>\n\t\t\t\t\t<\/a>\n\t\t\t\t<\/div>\n\t\t\t\t\t\t\t\t<\/div>\n\t\t\t\t<\/div>\n\t\t\t\t<\/div>\n\t\t<div class=\"elementor-element elementor-element-16b6656 e-flex e-con-boxed e-con e-parent\" data-id=\"16b6656\" data-element_type=\"container\" data-e-type=\"container\" id=\"quemsomos\">\n\t\t\t\t\t<div class=\"e-con-inner\">\n\t\t<div class=\"elementor-element elementor-element-006cea8 e-con-full e-flex elementor-invisible e-con e-child\" data-id=\"006cea8\" data-element_type=\"container\" data-e-type=\"container\" data-settings=\"{&quot;animation&quot;:&quot;fadeIn&quot;}\">\n\t\t\t\t<div class=\"elementor-element elementor-element-4507616 elementor-widget__width-inherit content-align-left the7-hover-visibility-disabled preserve-img-ratio-cover transform-overlay-yes exceeding-frame-yes elementor-widget elementor-widget-the7-image-widget\" data-id=\"4507616\" data-element_type=\"widget\" data-e-type=\"widget\" data-settings=\"{&quot;hover_visibility&quot;:&quot;disabled&quot;}\" data-widget_type=\"the7-image-widget.default\">\n\t\t\t\t<div class=\"elementor-widget-container\">\n\t\t\t\t\t<div class=\"the7-image-container\"><div class=\"the7-image-wrapper the7-elementor-widget the7-transform-container\"><div class=\"post-thumbnail-rollover layzr-bg img-css-resize-wrapper\"><img fetchpriority=\"high\" decoding=\"async\" width=\"1024\" height=\"910\" src=\"data:image\/svg+xml,%3Csvg%20xmlns%3D&#039;http%3A%2F%2Fwww.w3.org%2F2000%2Fsvg&#039;%20viewBox%3D&#039;0%200%201024%20910&#039;%2F%3E\" class=\"attachment-full size-full preload-me aspect lazy lazy-load\" alt=\"\" sizes=\"(max-width: 1024px) 100vw, 1024px\" style=\"--ratio: 1024 \/ 910;\" data-src=\"https:\/\/short-connection.com\/wp-content\/uploads\/2024\/02\/quem_somos-1024x910-1.jpg\" loading=\"eager\" data-srcset=\"https:\/\/short-connection.com\/wp-content\/uploads\/2024\/02\/quem_somos-1024x910-1.jpg 1024w, https:\/\/short-connection.com\/wp-content\/uploads\/2024\/02\/quem_somos-1024x910-1-300x267.jpg 300w, https:\/\/short-connection.com\/wp-content\/uploads\/2024\/02\/quem_somos-1024x910-1-768x683.jpg 768w\" \/><\/div><\/div><\/div>\t\t\t\t<\/div>\n\t\t\t\t<\/div>\n\t\t\t\t<\/div>\n\t\t<div class=\"elementor-element elementor-element-aa644d7 e-con-full e-flex elementor-invisible e-con e-child\" data-id=\"aa644d7\" data-element_type=\"container\" data-e-type=\"container\" data-settings=\"{&quot;animation&quot;:&quot;fadeInRight&quot;}\">\n\t\t\t\t<div class=\"elementor-element elementor-element-05ca543 elementor-widget elementor-widget-the7-heading\" data-id=\"05ca543\" data-element_type=\"widget\" data-e-type=\"widget\" data-widget_type=\"the7-heading.default\">\n\t\t\t\t<div class=\"elementor-widget-container\">\n\t\t\t\t\t<h4 class=\"the7-heading-title elementor-size-default\">quem somos<\/h4>\t\t\t\t<\/div>\n\t\t\t\t<\/div>\n\t\t\t\t<div class=\"elementor-element elementor-element-90b838d elementor-widget elementor-widget-text-editor\" data-id=\"90b838d\" data-element_type=\"widget\" data-e-type=\"widget\" data-widget_type=\"text-editor.default\">\n\t\t\t\t<div class=\"elementor-widget-container\">\n\t\t\t\t\t\t\t\t\t<div class=\"wpb_text_column wpb_content_element \"><div class=\"wpb_wrapper\"><p>A Short nasceu em 2005 e desde ent\u00e3o que estamos ligados a si e \u00e0 sua marca atrav\u00e9s da presta\u00e7\u00e3o de servi\u00e7os em Outsourcing.<\/p><p>Com equipas especializadas e treinadas nas \u00e1reas de Vendas e Gest\u00e3o de Marketing, Comunica\u00e7\u00e3o Below the Line, Merchandise e Gest\u00e3o de Equipas de Trabalho, estabelecemos todas as liga\u00e7\u00f5es rumo ao sucesso da sua marca.<\/p><p>A nossa especializa\u00e7\u00e3o em Trade Marketing tem sido a garantia de parceiros e clientes de refer\u00eancia no mercado nacional, por isso \u00e9 com toda a confian\u00e7a que lhe dizemos: qualquer que seja o seu desafio\u2026<br \/><strong>we manage!<\/strong><\/p><\/div><\/div>\t\t\t\t\t\t\t\t<\/div>\n\t\t\t\t<\/div>\n\t\t\t\t<\/div>\n\t\t\t\t\t<\/div>\n\t\t\t\t<\/div>\n\t\t<div class=\"elementor-element elementor-element-6049d82 e-flex e-con-boxed elementor-invisible e-con e-parent\" data-id=\"6049d82\" data-element_type=\"container\" data-e-type=\"container\" data-settings=\"{&quot;animation&quot;:&quot;fadeIn&quot;}\">\n\t\t\t\t\t<div class=\"e-con-inner\">\n\t\t<div class=\"elementor-element elementor-element-791a037 e-con-full e-flex e-con e-child\" data-id=\"791a037\" data-element_type=\"container\" data-e-type=\"container\" data-settings=\"{&quot;background_background&quot;:&quot;classic&quot;,&quot;animation&quot;:&quot;none&quot;}\">\n\t\t<div class=\"elementor-element elementor-element-2a14469 e-con-full e-flex elementor-invisible e-con e-child\" data-id=\"2a14469\" data-element_type=\"container\" data-e-type=\"container\" data-settings=\"{&quot;animation&quot;:&quot;fadeInRight&quot;}\">\n\t\t\t\t<div class=\"elementor-element elementor-element-1434c68 elementor-widget elementor-widget-the7-heading\" data-id=\"1434c68\" data-element_type=\"widget\" data-e-type=\"widget\" data-widget_type=\"the7-heading.default\">\n\t\t\t\t<div class=\"elementor-widget-container\">\n\t\t\t\t\t<h3 class=\"the7-heading-title elementor-size-default\">o que fazemos<\/h3>\t\t\t\t<\/div>\n\t\t\t\t<\/div>\n\t\t\t\t<div class=\"elementor-element elementor-element-3001e41 elementor-widget elementor-widget-text-editor\" data-id=\"3001e41\" data-element_type=\"widget\" data-e-type=\"widget\" data-widget_type=\"text-editor.default\">\n\t\t\t\t<div class=\"elementor-widget-container\">\n\t\t\t\t\t\t\t\t\t<p>O nosso foco \u00e9 apresentar solu\u00e7\u00f5es adequadas \u00e0s necessidades dos nossos parceiros, transformando o nosso\u00a0<em>know-how<\/em>\u00a0em valor acrescentado para os clientes, atrav\u00e9s de solu\u00e7\u00f5es flex\u00edveis que otimizem os custos das empresas.<\/p><p>O nosso core-business atua em duas \u00e1reas distintas: a presta\u00e7\u00e3o de servi\u00e7os em Outsourcing, nomeadamente o Staff, e na presta\u00e7\u00e3o de servi\u00e7os em Log\u00edstica e Implementa\u00e7\u00f5es.<\/p><p>O historial de trabalho desenvolvido pela Short desde 2005, deu-nos uma no\u00e7\u00e3o de neg\u00f3cio e conhecimento da vis\u00e3o e objetivos para uma execu\u00e7\u00e3o de excel\u00eancia.<\/p>\t\t\t\t\t\t\t\t<\/div>\n\t\t\t\t<\/div>\n\t\t\t\t<div class=\"elementor-element elementor-element-c018025 elementor-invisible elementor-widget elementor-widget-the7-heading\" data-id=\"c018025\" data-element_type=\"widget\" data-e-type=\"widget\" data-settings=\"{&quot;_animation&quot;:&quot;fadeInRight&quot;}\" data-widget_type=\"the7-heading.default\">\n\t\t\t\t<div class=\"elementor-widget-container\">\n\t\t\t\t\t<h3 class=\"the7-heading-title elementor-size-default\">coming together is a beginning<br>\nkeeping together is progress<br>\nworking together is success<\/h3>\t\t\t\t<\/div>\n\t\t\t\t<\/div>\n\t\t\t\t<\/div>\n\t\t\t\t<\/div>\n\t\t\t\t\t<\/div>\n\t\t\t\t<\/div>\n\t\t<div class=\"elementor-element elementor-element-5142002 e-flex e-con-boxed e-con e-parent\" data-id=\"5142002\" data-element_type=\"container\" data-e-type=\"container\">\n\t\t\t\t\t<div class=\"e-con-inner\">\n\t\t<div class=\"elementor-element elementor-element-5366def e-con-full e-flex elementor-invisible e-con e-child\" data-id=\"5366def\" data-element_type=\"container\" data-e-type=\"container\" data-settings=\"{&quot;animation&quot;:&quot;fadeIn&quot;}\">\n\t\t\t\t<div class=\"elementor-element elementor-element-d496bc6 elementor-widget__width-inherit content-align-center the7-hover-visibility-disabled preserve-img-ratio-cover transform-overlay-yes exceeding-frame-yes elementor-widget elementor-widget-the7-image-widget\" data-id=\"d496bc6\" data-element_type=\"widget\" data-e-type=\"widget\" data-settings=\"{&quot;hover_visibility&quot;:&quot;disabled&quot;}\" data-widget_type=\"the7-image-widget.default\">\n\t\t\t\t<div class=\"elementor-widget-container\">\n\t\t\t\t\t<div class=\"the7-image-container\"><div class=\"the7-image-wrapper the7-elementor-widget the7-transform-container\"><div class=\"post-thumbnail-rollover layzr-bg img-css-resize-wrapper\"><img decoding=\"async\" width=\"1080\" height=\"1080\" src=\"data:image\/svg+xml,%3Csvg%20xmlns%3D&#039;http%3A%2F%2Fwww.w3.org%2F2000%2Fsvg&#039;%20viewBox%3D&#039;0%200%201080%201080&#039;%2F%3E\" class=\"attachment-full size-full preload-me aspect lazy lazy-load\" alt=\"\" sizes=\"(max-width: 1080px) 100vw, 1080px\" style=\"--ratio: 1080 \/ 1080;\" data-src=\"https:\/\/short-connection.com\/wp-content\/uploads\/2024\/02\/02-Hospedeiras-1.jpg\" loading=\"eager\" data-srcset=\"https:\/\/short-connection.com\/wp-content\/uploads\/2024\/02\/02-Hospedeiras-1.jpg 1080w, https:\/\/short-connection.com\/wp-content\/uploads\/2024\/02\/02-Hospedeiras-1-300x300.jpg 300w, https:\/\/short-connection.com\/wp-content\/uploads\/2024\/02\/02-Hospedeiras-1-1024x1024.jpg 1024w, https:\/\/short-connection.com\/wp-content\/uploads\/2024\/02\/02-Hospedeiras-1-150x150.jpg 150w, https:\/\/short-connection.com\/wp-content\/uploads\/2024\/02\/02-Hospedeiras-1-768x768.jpg 768w, https:\/\/short-connection.com\/wp-content\/uploads\/2024\/02\/02-Hospedeiras-1-400x400.jpg 400w, https:\/\/short-connection.com\/wp-content\/uploads\/2024\/02\/02-Hospedeiras-1-200x200.jpg 200w\" \/><\/div><\/div><\/div>\t\t\t\t<\/div>\n\t\t\t\t<\/div>\n\t\t\t\t<\/div>\n\t\t<div class=\"elementor-element elementor-element-abce03e e-con-full e-flex elementor-invisible e-con e-child\" data-id=\"abce03e\" data-element_type=\"container\" data-e-type=\"container\" data-settings=\"{&quot;animation&quot;:&quot;fadeInRight&quot;,&quot;animation_delay&quot;:0}\">\n\t\t\t\t<div class=\"elementor-element elementor-element-9808b4c elementor-widget elementor-widget-the7-heading\" data-id=\"9808b4c\" data-element_type=\"widget\" data-e-type=\"widget\" data-widget_type=\"the7-heading.default\">\n\t\t\t\t<div class=\"elementor-widget-container\">\n\t\t\t\t\t<h3 class=\"the7-heading-title elementor-size-default\">staff<\/h3>\t\t\t\t<\/div>\n\t\t\t\t<\/div>\n\t\t\t\t<div class=\"elementor-element elementor-element-b245450 elementor-widget elementor-widget-text-editor\" data-id=\"b245450\" data-element_type=\"widget\" data-e-type=\"widget\" data-widget_type=\"text-editor.default\">\n\t\t\t\t<div class=\"elementor-widget-container\">\n\t\t\t\t\t\t\t\t\t<div class=\"wpb_text_column wpb_content_element \"><div class=\"wpb_wrapper\"><p>Dispomos de uma equipa de Hospedeiras e Promotoras selecionadas segundo elevados crit\u00e9rios de exig\u00eancia, adequando-se aos mais variados servi\u00e7os.<\/p><p>Na nossa Base de Dados ativa recrutamos staff em todo o pa\u00eds para os mais variados trabalhos de Promo\u00e7\u00e3o, Vendas e Ativa\u00e7\u00e3o. Desta forma garantimos uma cobertura nacional de pessoas, enquanto constitu\u00edmos grupos de trabalho aptos para projetos prolongados, de forma a minimizar custos e garantir staff com forma\u00e7\u00e3o e perfis para todo o tipo de a\u00e7\u00f5es.<\/p><\/div><\/div>\t\t\t\t\t\t\t\t<\/div>\n\t\t\t\t<\/div>\n\t\t\t\t<div class=\"elementor-element elementor-element-7fc306e elementor-widget elementor-widget-button\" data-id=\"7fc306e\" data-element_type=\"widget\" data-e-type=\"widget\" data-widget_type=\"button.default\">\n\t\t\t\t<div class=\"elementor-widget-container\">\n\t\t\t\t\t\t\t\t\t<div class=\"elementor-button-wrapper\">\n\t\t\t\t\t<a class=\"elementor-button elementor-button-link elementor-size-sm\" href=\"\/?page_id=2500\">\n\t\t\t\t\t\t<span class=\"elementor-button-content-wrapper\">\n\t\t\t\t\t\t\t\t\t<span class=\"elementor-button-text\">Saiba Mais<\/span>\n\t\t\t\t\t<\/span>\n\t\t\t\t\t<\/a>\n\t\t\t\t<\/div>\n\t\t\t\t\t\t\t\t<\/div>\n\t\t\t\t<\/div>\n\t\t\t\t<\/div>\n\t\t\t\t\t<\/div>\n\t\t\t\t<\/div>\n\t\t<div class=\"elementor-element elementor-element-1f091ae e-flex e-con-boxed e-con e-parent\" data-id=\"1f091ae\" data-element_type=\"container\" data-e-type=\"container\">\n\t\t\t\t\t<div class=\"e-con-inner\">\n\t\t<div class=\"elementor-element elementor-element-2bf1984 e-con-full e-flex elementor-invisible e-con e-child\" data-id=\"2bf1984\" data-element_type=\"container\" data-e-type=\"container\" data-settings=\"{&quot;animation&quot;:&quot;fadeInLeft&quot;,&quot;animation_delay&quot;:0}\">\n\t\t\t\t<div class=\"elementor-element elementor-element-af082af elementor-widget elementor-widget-the7-heading\" data-id=\"af082af\" data-element_type=\"widget\" data-e-type=\"widget\" data-widget_type=\"the7-heading.default\">\n\t\t\t\t<div class=\"elementor-widget-container\">\n\t\t\t\t\t<h4 class=\"the7-heading-title elementor-size-default\">log\u00edstica<\/h4>\t\t\t\t<\/div>\n\t\t\t\t<\/div>\n\t\t\t\t<div class=\"elementor-element elementor-element-19ad42e elementor-widget elementor-widget-text-editor\" data-id=\"19ad42e\" data-element_type=\"widget\" data-e-type=\"widget\" data-widget_type=\"text-editor.default\">\n\t\t\t\t<div class=\"elementor-widget-container\">\n\t\t\t\t\t\t\t\t\t<p>Com um atendimento personalizado, garantimos aos nossos clientes uma elevada gama de servi\u00e7os que se distinguem pela qualidade, rapidez e efic\u00e1cia.<\/p>\t\t\t\t\t\t\t\t<\/div>\n\t\t\t\t<\/div>\n\t\t\t\t<div class=\"elementor-element elementor-element-8d54c4e elementor-widget elementor-widget-button\" data-id=\"8d54c4e\" data-element_type=\"widget\" data-e-type=\"widget\" data-widget_type=\"button.default\">\n\t\t\t\t<div class=\"elementor-widget-container\">\n\t\t\t\t\t\t\t\t\t<div class=\"elementor-button-wrapper\">\n\t\t\t\t\t<a class=\"elementor-button elementor-button-link elementor-size-sm\" href=\"\/?page_id=85941\">\n\t\t\t\t\t\t<span class=\"elementor-button-content-wrapper\">\n\t\t\t\t\t\t\t\t\t<span class=\"elementor-button-text\">Saiba Mais<\/span>\n\t\t\t\t\t<\/span>\n\t\t\t\t\t<\/a>\n\t\t\t\t<\/div>\n\t\t\t\t\t\t\t\t<\/div>\n\t\t\t\t<\/div>\n\t\t\t\t<\/div>\n\t\t<div class=\"elementor-element elementor-element-06def2d e-con-full e-flex elementor-invisible e-con e-child\" data-id=\"06def2d\" data-element_type=\"container\" data-e-type=\"container\" data-settings=\"{&quot;animation&quot;:&quot;fadeIn&quot;}\">\n\t\t\t\t<div class=\"elementor-element elementor-element-f4a8dcd elementor-widget__width-inherit content-align-center the7-hover-visibility-disabled preserve-img-ratio-cover transform-overlay-yes exceeding-frame-yes elementor-widget elementor-widget-the7-image-widget\" data-id=\"f4a8dcd\" data-element_type=\"widget\" data-e-type=\"widget\" data-settings=\"{&quot;hover_visibility&quot;:&quot;disabled&quot;}\" data-widget_type=\"the7-image-widget.default\">\n\t\t\t\t<div class=\"elementor-widget-container\">\n\t\t\t\t\t<div class=\"the7-image-container\"><div class=\"the7-image-wrapper the7-elementor-widget the7-transform-container\"><div class=\"post-thumbnail-rollover layzr-bg img-css-resize-wrapper\"><img decoding=\"async\" width=\"1080\" height=\"1080\" src=\"data:image\/svg+xml,%3Csvg%20xmlns%3D&#039;http%3A%2F%2Fwww.w3.org%2F2000%2Fsvg&#039;%20viewBox%3D&#039;0%200%201080%201080&#039;%2F%3E\" class=\"attachment-full size-full preload-me aspect lazy lazy-load\" alt=\"\" sizes=\"(max-width: 1080px) 100vw, 1080px\" style=\"--ratio: 1080 \/ 1080;\" data-src=\"https:\/\/short-connection.com\/wp-content\/uploads\/2024\/02\/06-Montagens-1.jpg\" loading=\"eager\" data-srcset=\"https:\/\/short-connection.com\/wp-content\/uploads\/2024\/02\/06-Montagens-1.jpg 1080w, https:\/\/short-connection.com\/wp-content\/uploads\/2024\/02\/06-Montagens-1-300x300.jpg 300w, https:\/\/short-connection.com\/wp-content\/uploads\/2024\/02\/06-Montagens-1-1024x1024.jpg 1024w, https:\/\/short-connection.com\/wp-content\/uploads\/2024\/02\/06-Montagens-1-150x150.jpg 150w, https:\/\/short-connection.com\/wp-content\/uploads\/2024\/02\/06-Montagens-1-768x768.jpg 768w, https:\/\/short-connection.com\/wp-content\/uploads\/2024\/02\/06-Montagens-1-400x400.jpg 400w, https:\/\/short-connection.com\/wp-content\/uploads\/2024\/02\/06-Montagens-1-200x200.jpg 200w\" \/><\/div><\/div><\/div>\t\t\t\t<\/div>\n\t\t\t\t<\/div>\n\t\t\t\t<\/div>\n\t\t\t\t\t<\/div>\n\t\t\t\t<\/div>\n\t\t<div class=\"elementor-element elementor-element-190aaed e-flex e-con-boxed e-con e-parent\" data-id=\"190aaed\" data-element_type=\"container\" data-e-type=\"container\">\n\t\t\t\t\t<div class=\"e-con-inner\">\n\t\t<div class=\"elementor-element elementor-element-6446d67 e-con-full e-flex elementor-invisible e-con e-child\" data-id=\"6446d67\" data-element_type=\"container\" data-e-type=\"container\" data-settings=\"{&quot;animation&quot;:&quot;fadeIn&quot;}\">\n\t\t\t\t<div class=\"elementor-element elementor-element-efc7faf elementor-widget__width-inherit content-align-center the7-hover-visibility-disabled preserve-img-ratio-cover transform-overlay-yes exceeding-frame-yes elementor-widget elementor-widget-the7-image-widget\" data-id=\"efc7faf\" data-element_type=\"widget\" data-e-type=\"widget\" data-settings=\"{&quot;hover_visibility&quot;:&quot;disabled&quot;}\" data-widget_type=\"the7-image-widget.default\">\n\t\t\t\t<div class=\"elementor-widget-container\">\n\t\t\t\t\t<div class=\"the7-image-container\"><div class=\"the7-image-wrapper the7-elementor-widget the7-transform-container\"><div class=\"post-thumbnail-rollover layzr-bg img-css-resize-wrapper\"><img decoding=\"async\" width=\"1080\" height=\"1080\" src=\"data:image\/svg+xml,%3Csvg%20xmlns%3D&#039;http%3A%2F%2Fwww.w3.org%2F2000%2Fsvg&#039;%20viewBox%3D&#039;0%200%201080%201080&#039;%2F%3E\" class=\"attachment-full size-full preload-me aspect lazy lazy-load\" alt=\"\" sizes=\"(max-width: 1080px) 100vw, 1080px\" style=\"--ratio: 1080 \/ 1080;\" data-src=\"https:\/\/short-connection.com\/wp-content\/uploads\/2024\/02\/01-Seguranca-1.jpg\" loading=\"eager\" data-srcset=\"https:\/\/short-connection.com\/wp-content\/uploads\/2024\/02\/01-Seguranca-1.jpg 1080w, https:\/\/short-connection.com\/wp-content\/uploads\/2024\/02\/01-Seguranca-1-300x300.jpg 300w, https:\/\/short-connection.com\/wp-content\/uploads\/2024\/02\/01-Seguranca-1-1024x1024.jpg 1024w, https:\/\/short-connection.com\/wp-content\/uploads\/2024\/02\/01-Seguranca-1-150x150.jpg 150w, https:\/\/short-connection.com\/wp-content\/uploads\/2024\/02\/01-Seguranca-1-768x768.jpg 768w, https:\/\/short-connection.com\/wp-content\/uploads\/2024\/02\/01-Seguranca-1-400x400.jpg 400w, https:\/\/short-connection.com\/wp-content\/uploads\/2024\/02\/01-Seguranca-1-200x200.jpg 200w\" \/><\/div><\/div><\/div>\t\t\t\t<\/div>\n\t\t\t\t<\/div>\n\t\t\t\t<\/div>\n\t\t<div class=\"elementor-element elementor-element-2f5709d e-con-full e-flex elementor-invisible e-con e-child\" data-id=\"2f5709d\" data-element_type=\"container\" data-e-type=\"container\" data-settings=\"{&quot;animation&quot;:&quot;fadeInRight&quot;,&quot;animation_delay&quot;:0}\">\n\t\t\t\t<div class=\"elementor-element elementor-element-ab314f4 elementor-widget elementor-widget-the7-heading\" data-id=\"ab314f4\" data-element_type=\"widget\" data-e-type=\"widget\" data-widget_type=\"the7-heading.default\">\n\t\t\t\t<div class=\"elementor-widget-container\">\n\t\t\t\t\t<h3 class=\"the7-heading-title elementor-size-default\">Sales Connect IQ<br>integrated pos sales solutions<\/h3>\t\t\t\t<\/div>\n\t\t\t\t<\/div>\n\t\t\t\t<div class=\"elementor-element elementor-element-a6e5c05 elementor-widget elementor-widget-text-editor\" data-id=\"a6e5c05\" data-element_type=\"widget\" data-e-type=\"widget\" data-widget_type=\"text-editor.default\">\n\t\t\t\t<div class=\"elementor-widget-container\">\n\t\t\t\t\t\t\t\t\t<p>A nossa solu\u00e7\u00e3o chave-na-m\u00e3o para os seus clientes. Com esta solu\u00e7\u00e3o Short somos capazes de potenciar vendas nas v\u00e1rias etapas para uma rela\u00e7\u00e3o mais pr\u00f3xima com o consumidor e contamos com uma vasta gama de servi\u00e7os que v\u00e3o complementar o seu neg\u00f3cio, mostrando que o trabalho diferenciado no ponto de venda \u00e9 o caminho para o sucesso.<\/p>\t\t\t\t\t\t\t\t<\/div>\n\t\t\t\t<\/div>\n\t\t\t\t<div class=\"elementor-element elementor-element-13cb0f0 elementor-widget elementor-widget-button\" data-id=\"13cb0f0\" data-element_type=\"widget\" data-e-type=\"widget\" data-widget_type=\"button.default\">\n\t\t\t\t<div class=\"elementor-widget-container\">\n\t\t\t\t\t\t\t\t\t<div class=\"elementor-button-wrapper\">\n\t\t\t\t\t<a class=\"elementor-button elementor-button-link elementor-size-sm\" href=\"https:\/\/salesconnectiq.com\/\" target=\"_blank\">\n\t\t\t\t\t\t<span class=\"elementor-button-content-wrapper\">\n\t\t\t\t\t\t\t\t\t<span class=\"elementor-button-text\">Saiba Mais<\/span>\n\t\t\t\t\t<\/span>\n\t\t\t\t\t<\/a>\n\t\t\t\t<\/div>\n\t\t\t\t\t\t\t\t<\/div>\n\t\t\t\t<\/div>\n\t\t\t\t<\/div>\n\t\t\t\t\t<\/div>\n\t\t\t\t<\/div>\n\t\t<div class=\"elementor-element elementor-element-edbb836 e-flex e-con-boxed elementor-invisible e-con e-parent\" data-id=\"edbb836\" data-element_type=\"container\" data-e-type=\"container\" data-settings=\"{&quot;animation&quot;:&quot;fadeIn&quot;}\">\n\t\t\t\t\t<div class=\"e-con-inner\">\n\t\t<div class=\"elementor-element elementor-element-90f24a0 e-con-full e-flex e-con e-child\" data-id=\"90f24a0\" data-element_type=\"container\" data-e-type=\"container\" data-settings=\"{&quot;background_background&quot;:&quot;classic&quot;}\">\n\t\t<div class=\"elementor-element elementor-element-7c3afdf e-flex e-con-boxed elementor-invisible e-con e-child\" data-id=\"7c3afdf\" data-element_type=\"container\" data-e-type=\"container\" data-settings=\"{&quot;animation&quot;:&quot;fadeInUp&quot;}\">\n\t\t\t\t\t<div class=\"e-con-inner\">\n\t\t\t\t<div class=\"elementor-element elementor-element-0ecce58 elementor-widget__width-initial elementor-widget elementor-widget-the7-heading\" data-id=\"0ecce58\" data-element_type=\"widget\" data-e-type=\"widget\" data-widget_type=\"the7-heading.default\">\n\t\t\t\t<div class=\"elementor-widget-container\">\n\t\t\t\t\t<h2 class=\"the7-heading-title elementor-size-default\">we are not the same everyday<br>WE ARE BETTER<\/h2>\t\t\t\t<\/div>\n\t\t\t\t<\/div>\n\t\t\t\t<div class=\"elementor-element elementor-element-16bc698 elementor-align-center elementor-mobile-align-justify elementor-widget-mobile__width-inherit elementor-widget elementor-widget-the7_button_widget\" data-id=\"16bc698\" data-element_type=\"widget\" data-e-type=\"widget\" data-widget_type=\"the7_button_widget.default\">\n\t\t\t\t<div class=\"elementor-widget-container\">\n\t\t\t\t\t<div class=\"elementor-button-wrapper\"><a href=\"\/?page_id=886\" class=\"box-button elementor-button elementor-size-xl\">Recrutamento<\/a><\/div>\t\t\t\t<\/div>\n\t\t\t\t<\/div>\n\t\t\t\t\t<\/div>\n\t\t\t\t<\/div>\n\t\t\t\t<\/div>\n\t\t\t\t\t<\/div>\n\t\t\t\t<\/div>\n\t\t\t\t<\/div>\n\t\t","protected":false},"excerpt":{"rendered":"<p>connect your brandto success SAIBA MAIS quem somos A Short nasceu em 2005 e desde ent\u00e3o que estamos ligados a si e \u00e0 sua marca atrav\u00e9s da presta\u00e7\u00e3o de servi\u00e7os em Outsourcing. Com equipas especializadas e treinadas nas \u00e1reas de Vendas e Gest\u00e3o de Marketing, Comunica\u00e7\u00e3o Below the Line, Merchandise e Gest\u00e3o de Equipas de&hellip;<\/p>\n","protected":false},"author":1,"featured_media":0,"parent":0,"menu_order":10,"comment_status":"closed","ping_status":"open","template":"elementor_header_footer","meta":{"_monsterinsights_skip_tracking":false,"_monsterinsights_sitenote_active":false,"_monsterinsights_sitenote_note":"","_monsterinsights_sitenote_category":0,"footnotes":""},"class_list":["post-3436","page","type-page","status-publish","hentry"],"jetpack_sharing_enabled":true,"_links":{"self":[{"href":"https:\/\/short-connection.com\/index.php?rest_route=\/wp\/v2\/pages\/3436","targetHints":{"allow":["GET"]}}],"collection":[{"href":"https:\/\/short-connection.com\/index.php?rest_route=\/wp\/v2\/pages"}],"about":[{"href":"https:\/\/short-connection.com\/index.php?rest_route=\/wp\/v2\/types\/page"}],"author":[{"embeddable":true,"href":"https:\/\/short-connection.com\/index.php?rest_route=\/wp\/v2\/users\/1"}],"replies":[{"embeddable":true,"href":"https:\/\/short-connection.com\/index.php?rest_route=%2Fwp%2Fv2%2Fcomments&post=3436"}],"version-history":[{"count":123,"href":"https:\/\/short-connection.com\/index.php?rest_route=\/wp\/v2\/pages\/3436\/revisions"}],"predecessor-version":[{"id":86005,"href":"https:\/\/short-connection.com\/index.php?rest_route=\/wp\/v2\/pages\/3436\/revisions\/86005"}],"wp:attachment":[{"href":"https:\/\/short-connection.com\/index.php?rest_route=%2Fwp%2Fv2%2Fmedia&parent=3436"}],"curies":[{"name":"wp","href":"https:\/\/api.w.org\/{rel}","templated":true}]}}